{"id":74,"date":"2021-03-23T21:00:15","date_gmt":"2021-03-23T20:00:15","guid":{"rendered":"https:\/\/rallyeduballon.wordpress.com\/?page_id=6"},"modified":"2026-04-10T15:54:12","modified_gmt":"2026-04-10T13:54:12","slug":"home","status":"publish","type":"page","link":"https:\/\/rallyeduballon.be\/","title":{"rendered":"Accueil"},"content":{"rendered":"\t\t<div data-elementor-type=\"wp-page\" data-elementor-id=\"74\" class=\"elementor elementor-74\">\n\t\t\t\t\t\t\t\t\t<section class=\"elementor-section elementor-top-section elementor-element elementor-element-7d86831 elementor-section-content-top elementor-section-boxed elementor-section-height-default elementor-section-height-default\" data-id=\"7d86831\" data-element_type=\"section\">\n\t\t\t\t\t\t<div class=\"elementor-container elementor-column-gap-no\">\n\t\t\t\t\t<div class=\"elementor-column elementor-col-100 elementor-top-column elementor-element elementor-element-60bf1c2\" data-id=\"60bf1c2\" data-element_type=\"column\">\n\t\t\t<div class=\"elementor-widget-wrap elementor-element-populated\">\n\t\t\t\t\t\t\t\t<div class=\"elementor-element elementor-element-b758ad2 elementor-widget elementor-widget-text-editor\" data-id=\"b758ad2\" data-element_type=\"widget\" data-widget_type=\"text-editor.default\">\n\t\t\t\t<div class=\"elementor-widget-container\">\n\t\t\t<style>\/*! elementor - v3.11.2 - 22-02-2023 *\/\n.elementor-widget-text-editor.elementor-drop-cap-view-stacked .elementor-drop-cap{background-color:#818a91;color:#fff}.elementor-widget-text-editor.elementor-drop-cap-view-framed .elementor-drop-cap{color:#818a91;border:3px solid;background-color:transparent}.elementor-widget-text-editor:not(.elementor-drop-cap-view-default) .elementor-drop-cap{margin-top:8px}.elementor-widget-text-editor:not(.elementor-drop-cap-view-default) .elementor-drop-cap-letter{width:1em;height:1em}.elementor-widget-text-editor .elementor-drop-cap{float:left;text-align:center;line-height:1;font-size:50px}.elementor-widget-text-editor .elementor-drop-cap-letter{display:inline-block}<\/style>\t\t\t\t<p style=\"font-size: 22px;\"><b>Rallye du ballon 21<\/b><b style=\"font-family: inherit; font-style: inherit;\">\u00a0juin 2026\u00a0<\/b><\/p><p style=\"font-size: 20px;\">Bienvenue \u00e0 notre 16 \u00e8me \u00e9dition du rallye du ballon.\u00a0<br \/><span style=\"font-size: 20px;\">Le rallye est ouvert \u00e0 tous les v\u00e9hicules et motos <br \/>de plus de 25 ans.<\/span><\/p><p style=\"font-size: 20px;\"><span style=\"font-size: 20px;\">Le th\u00e8me choisi cette ann\u00e9e est celui de la d\u00e9couverte du pays des collines, par le biais de ses moulins et ch\u00e2teaux.<\/span><\/p><p style=\"font-size: 20px;\"><span style=\"font-size: 20px;\">Pour d\u00e9marrer d&#8217;embl\u00e9e dans le vif du sujet, et vous offrir un petit d\u00e9jeuner prestigieux dans un endroit magnifique, nous partirons de l&rsquo;orangerie du ch\u00e2teau de Moulbaix, non loin de son moulin \u00e0 vent (entr\u00e9e par la place Henri Stourme \u00e0 Moulbaix)<\/span><\/p><p style=\"font-size: 20px;\"><span style=\"font-size: 20px;\">D\u00e9part \u00e0 9 heures pr\u00e9cises vers les routes campagnardes et les superbes paysages du pays des collines.<\/span><\/p><p style=\"font-size: 20px;\"><span style=\"font-size: 20px;\">Le repas de midi se fera comme d&rsquo;habitude au ch\u00e2teau communal de Jurbise.<br \/><b><br \/>Inscription via l&rsquo;onglet ci-dessus : un cadeau offert aux 50 premiers inscrits<\/b><\/span><\/p>\t\t\t\t\t\t<\/div>\n\t\t\t\t<\/div>\n\t\t\t\t\t<\/div>\n\t\t<\/div>\n\t\t\t\t\t\t\t<\/div>\n\t\t<\/section>\n\t\t\t\t<section class=\"elementor-section elementor-top-section elementor-element elementor-element-c6ef735 elementor-section-boxed elementor-section-height-default elementor-section-height-default\" data-id=\"c6ef735\" data-element_type=\"section\">\n\t\t\t\t\t\t<div class=\"elementor-container elementor-column-gap-default\">\n\t\t\t\t\t<div class=\"elementor-column elementor-col-100 elementor-top-column elementor-element elementor-element-0f7d0ba\" data-id=\"0f7d0ba\" data-element_type=\"column\">\n\t\t\t<div class=\"elementor-widget-wrap elementor-element-populated\">\n\t\t\t\t\t\t\t\t<div class=\"elementor-element elementor-element-660a1ff elementor-widget elementor-widget-image\" data-id=\"660a1ff\" data-element_type=\"widget\" data-widget_type=\"image.default\">\n\t\t\t\t<div class=\"elementor-widget-container\">\n\t\t\t<style>\/*! elementor - v3.11.2 - 22-02-2023 *\/\n.elementor-widget-image{text-align:center}.elementor-widget-image a{display:inline-block}.elementor-widget-image a img[src$=\".svg\"]{width:48px}.elementor-widget-image img{vertical-align:middle;display:inline-block}<\/style>\t\t\t\t\t\t\t\t\t\t\t\t<img loading=\"lazy\" decoding=\"async\" width=\"584\" height=\"840\" src=\"https:\/\/rallyeduballon.be\/wp-content\/uploads\/2026\/04\/flyers-RB2026.jpg\" class=\"attachment-large size-large wp-image-1035\" alt=\"\" srcset=\"https:\/\/rallyeduballon.be\/wp-content\/uploads\/2026\/04\/flyers-RB2026.jpg 690w, https:\/\/rallyeduballon.be\/wp-content\/uploads\/2026\/04\/flyers-RB2026-208x300.jpg 208w\" sizes=\"auto, (max-width: 584px) 100vw, 584px\" \/>\t\t\t\t\t\t\t\t\t\t\t\t\t\t\t<\/div>\n\t\t\t\t<\/div>\n\t\t\t\t\t<\/div>\n\t\t<\/div>\n\t\t\t\t\t\t\t<\/div>\n\t\t<\/section>\n\t\t\t\t\t\t\t<\/div>\n\t\t","protected":false},"excerpt":{"rendered":"<p>Rallye du ballon 21\u00a0juin 2026\u00a0 Bienvenue \u00e0 notre 16 \u00e8me \u00e9dition du rallye du ballon.\u00a0Le rallye est ouvert \u00e0 tous les v\u00e9hicules et motos de plus de 25 ans. Le th\u00e8me choisi cette ann\u00e9e est celui de la d\u00e9couverte du &hellip; <a href=\"https:\/\/rallyeduballon.be\/\">Continuer la lecture <span class=\"meta-nav\">&rarr;<\/span><\/a><\/p>\n","protected":false},"author":1,"featured_media":0,"parent":0,"menu_order":1,"comment_status":"closed","ping_status":"closed","template":"","meta":{"spay_email":"","footnotes":""},"class_list":["post-74","page","type-page","status-publish","hentry"],"_links":{"self":[{"href":"https:\/\/rallyeduballon.be\/index.php?rest_route=\/wp\/v2\/pages\/74","targetHints":{"allow":["GET"]}}],"collection":[{"href":"https:\/\/rallyeduballon.be\/index.php?rest_route=\/wp\/v2\/pages"}],"about":[{"href":"https:\/\/rallyeduballon.be\/index.php?rest_route=\/wp\/v2\/types\/page"}],"author":[{"embeddable":true,"href":"https:\/\/rallyeduballon.be\/index.php?rest_route=\/wp\/v2\/users\/1"}],"replies":[{"embeddable":true,"href":"https:\/\/rallyeduballon.be\/index.php?rest_route=%2Fwp%2Fv2%2Fcomments&post=74"}],"version-history":[{"count":109,"href":"https:\/\/rallyeduballon.be\/index.php?rest_route=\/wp\/v2\/pages\/74\/revisions"}],"predecessor-version":[{"id":1039,"href":"https:\/\/rallyeduballon.be\/index.php?rest_route=\/wp\/v2\/pages\/74\/revisions\/1039"}],"wp:attachment":[{"href":"https:\/\/rallyeduballon.be\/index.php?rest_route=%2Fwp%2Fv2%2Fmedia&parent=74"}],"curies":[{"name":"wp","href":"https:\/\/api.w.org\/{rel}","templated":true}]}}